{"id":1536,"date":"2019-12-19T16:26:20","date_gmt":"2019-12-19T21:26:20","guid":{"rendered":"https:\/\/www.helpinghome.com.co\/es\/?page_id=1536"},"modified":"2022-03-17T13:02:54","modified_gmt":"2022-03-17T18:02:54","slug":"dream-home","status":"publish","type":"page","link":"https:\/\/www.helpinghome.com.co\/es\/dream-home\/","title":{"rendered":"DREAM HOME"},"content":{"rendered":"<div class=\"fusion-fullwidth fullwidth-box nonhundred-percent-fullwidth non-hundred-percent-height-scrolling\"  style='background-color: rgba(255,255,255,0);background-position: center center;background-repeat: no-repeat;padding-top:0px;padding-right:0px;padding-bottom:0px;padding-left:0px;'><div class=\"fusion-builder-row fusion-row \"><div  class=\"fusion-layout-column fusion_builder_column fusion_builder_column_1_3  fusion-one-third fusion-column-first 1_3\"  style='margin-top:0px;margin-bottom:20px;width:33.33%;width:calc(33.33% - ( ( 4% ) * 0.3333 ) );margin-right: 4%;'>\n\t\t\t\t\t<div class=\"fusion-column-wrapper\" style=\"padding: 0px 0px 0px 0px;background-position:left top;background-repeat:no-repeat;-webkit-background-size:cover;-moz-background-size:cover;-o-background-size:cover;background-size:cover;\"  data-bg-url=\"\">\n\t\t\t\t\t\t<div class=\"imageframe-align-center\"><span class=\"fusion-imageframe imageframe-none imageframe-1 hover-type-none\"><img src=\"https:\/\/www.helpinghome.com.co\/es\/wp-content\/uploads\/2019\/12\/dream_home2.png\" width=\"310\" height=\"310\" alt=\"\" title=\"dream_home2\" class=\"img-responsive wp-image-1537\" srcset=\"https:\/\/www.helpinghome.com.co\/es\/wp-content\/uploads\/2019\/12\/dream_home2-200x200.png 200w, https:\/\/www.helpinghome.com.co\/es\/wp-content\/uploads\/2019\/12\/dream_home2.png 310w\" sizes=\"(max-width: 800px) 100vw, 310px\" \/><\/span><\/div><div class=\"fusion-text\"><p><span style=\"color: #ffffff;\">DREAM HOME<\/span><\/p>\n<\/div><div class=\"fusion-button-wrapper fusion-aligncenter\"><style type=\"text\/css\" scoped=\"scoped\">.fusion-button.button-1 .fusion-button-text, .fusion-button.button-1 i {color:#ffffff;}.fusion-button.button-1 {border-width:0px;border-color:#ffffff;}.fusion-button.button-1 .fusion-button-icon-divider{border-color:#ffffff;}.fusion-button.button-1:hover .fusion-button-text, .fusion-button.button-1:hover i,.fusion-button.button-1:focus .fusion-button-text, .fusion-button.button-1:focus i,.fusion-button.button-1:active .fusion-button-text, .fusion-button.button-1:active{color:#ffffff;}.fusion-button.button-1:hover, .fusion-button.button-1:focus, .fusion-button.button-1:active{border-width:0px;border-color:#ffffff;}.fusion-button.button-1:hover .fusion-button-icon-divider, .fusion-button.button-1:hover .fusion-button-icon-divider, .fusion-button.button-1:active .fusion-button-icon-divider{border-color:#ffffff;}.fusion-button.button-1{width:auto;}<\/style><a class=\"fusion-button button-flat fusion-button-pill button-large button-default button-1\" target=\"_blank\" rel=\"noopener noreferrer\" href=\"https:\/\/api.whatsapp.com\/send?phone=573143282396&amp;text=Hola,%20me%20gustar%C3%ADa%20conocer%20sobre%20los%20costos%20y%20servicios%20de%20cuidado%20al%20hogar%20%E2%9C%A8%F0%9F%92%99\"><span class=\"fusion-button-text\">Reserva a tu Hom!e<\/span><\/a><\/div><div class=\"fusion-clearfix\"><\/div>\n\n\t\t\t\t\t<\/div>\n\t\t\t\t<\/div><div  class=\"fusion-layout-column fusion_builder_column fusion_builder_column_2_3  fusion-two-third fusion-column-last 2_3\"  style='margin-top:0px;margin-bottom:20px;width:66.66%;width:calc(66.66% - ( ( 4% ) * 0.6666 ) );'>\n\t\t\t\t\t<div class=\"fusion-column-wrapper\" style=\"padding: 0px 0px 0px 0px;background-position:left top;background-repeat:no-repeat;-webkit-background-size:cover;-moz-background-size:cover;-o-background-size:cover;background-size:cover;\"  data-bg-url=\"\">\n\t\t\t\t\t\t<div class=\"fusion-text\"><h2 style=\"text-align: center;\"><span style=\"color: #00c4fe;\"><strong>Servicio Ideal para Casas, Apartamentos y Oficinas de 110 m<sup>2 <\/sup>en Adelante y para Servicios de Aseo Profundo<\/strong><\/span><\/h2>\n<p style=\"text-align: center;\"><b>(Varios D\u00edas &#8211; 8 Horas d\u00eda)<\/b><\/p>\n<p><strong>Incluye todos los servicios m\u00e1s aseo profundo de cocinas, patios, dep\u00f3sitos (propiedad Horizontal), ba\u00f1os o el \u00e1rea del hogar u oficina que el cliente requiera, puedes solicitar varios d\u00edas o varias Hom<\/strong>!<strong>es en una sola jornada, lo dejamos a tu gusto!<\/strong><\/p>\n<\/div><div class=\"fusion-clearfix\"><\/div>\n\n\t\t\t\t\t<\/div>\n\t\t\t\t<\/div><\/div><\/div>\n","protected":false},"excerpt":{"rendered":"","protected":false},"author":1,"featured_media":0,"parent":0,"menu_order":0,"comment_status":"closed","ping_status":"closed","template":"","meta":[],"yoast_head":"<!-- This site is optimized with the Yoast SEO plugin v18.3 - https:\/\/yoast.com\/wordpress\/plugins\/seo\/ -->\n<title>DREAM HOME - HelpingHome<\/title>\n<meta name=\"robots\" content=\"index, follow, max-snippet:-1, max-image-preview:large, max-video-preview:-1\" \/>\n<link rel=\"canonical\" href=\"https:\/\/www.helpinghome.com.co\/es\/dream-home\/\" \/>\n<meta property=\"og:locale\" content=\"es_ES\" \/>\n<meta property=\"og:type\" content=\"article\" \/>\n<meta property=\"og:title\" content=\"DREAM HOME - HelpingHome\" \/>\n<meta property=\"og:url\" content=\"https:\/\/www.helpinghome.com.co\/es\/dream-home\/\" \/>\n<meta property=\"og:site_name\" content=\"HelpingHome\" \/>\n<meta property=\"article:modified_time\" content=\"2022-03-17T18:02:54+00:00\" \/>\n<meta name=\"twitter:card\" content=\"summary_large_image\" \/>\n<meta name=\"twitter:label1\" content=\"Tiempo de lectura\" \/>\n\t<meta name=\"twitter:data1\" content=\"3 minutos\" \/>\n<script type=\"application\/ld+json\" class=\"yoast-schema-graph\">{\"@context\":\"https:\/\/schema.org\",\"@graph\":[{\"@type\":\"WebSite\",\"@id\":\"https:\/\/www.helpinghome.com.co\/es\/#website\",\"url\":\"https:\/\/www.helpinghome.com.co\/es\/\",\"name\":\"HelpingHome\",\"description\":\"HelpingHome\",\"potentialAction\":[{\"@type\":\"SearchAction\",\"target\":{\"@type\":\"EntryPoint\",\"urlTemplate\":\"https:\/\/www.helpinghome.com.co\/es\/?s={search_term_string}\"},\"query-input\":\"required name=search_term_string\"}],\"inLanguage\":\"es\"},{\"@type\":\"WebPage\",\"@id\":\"https:\/\/www.helpinghome.com.co\/es\/dream-home\/#webpage\",\"url\":\"https:\/\/www.helpinghome.com.co\/es\/dream-home\/\",\"name\":\"DREAM HOME - HelpingHome\",\"isPartOf\":{\"@id\":\"https:\/\/www.helpinghome.com.co\/es\/#website\"},\"datePublished\":\"2019-12-19T21:26:20+00:00\",\"dateModified\":\"2022-03-17T18:02:54+00:00\",\"breadcrumb\":{\"@id\":\"https:\/\/www.helpinghome.com.co\/es\/dream-home\/#breadcrumb\"},\"inLanguage\":\"es\",\"potentialAction\":[{\"@type\":\"ReadAction\",\"target\":[\"https:\/\/www.helpinghome.com.co\/es\/dream-home\/\"]}]},{\"@type\":\"BreadcrumbList\",\"@id\":\"https:\/\/www.helpinghome.com.co\/es\/dream-home\/#breadcrumb\",\"itemListElement\":[{\"@type\":\"ListItem\",\"position\":1,\"name\":\"Portada\",\"item\":\"https:\/\/www.helpinghome.com.co\/es\/\"},{\"@type\":\"ListItem\",\"position\":2,\"name\":\"DREAM HOME\"}]}]}<\/script>\n<!-- \/ Yoast SEO plugin. -->","yoast_head_json":{"title":"DREAM HOME - HelpingHome","robots":{"index":"index","follow":"follow","max-snippet":"max-snippet:-1","max-image-preview":"max-image-preview:large","max-video-preview":"max-video-preview:-1"},"canonical":"https:\/\/www.helpinghome.com.co\/es\/dream-home\/","og_locale":"es_ES","og_type":"article","og_title":"DREAM HOME - HelpingHome","og_url":"https:\/\/www.helpinghome.com.co\/es\/dream-home\/","og_site_name":"HelpingHome","article_modified_time":"2022-03-17T18:02:54+00:00","twitter_card":"summary_large_image","twitter_misc":{"Tiempo de lectura":"3 minutos"},"schema":{"@context":"https:\/\/schema.org","@graph":[{"@type":"WebSite","@id":"https:\/\/www.helpinghome.com.co\/es\/#website","url":"https:\/\/www.helpinghome.com.co\/es\/","name":"HelpingHome","description":"HelpingHome","potentialAction":[{"@type":"SearchAction","target":{"@type":"EntryPoint","urlTemplate":"https:\/\/www.helpinghome.com.co\/es\/?s={search_term_string}"},"query-input":"required name=search_term_string"}],"inLanguage":"es"},{"@type":"WebPage","@id":"https:\/\/www.helpinghome.com.co\/es\/dream-home\/#webpage","url":"https:\/\/www.helpinghome.com.co\/es\/dream-home\/","name":"DREAM HOME - HelpingHome","isPartOf":{"@id":"https:\/\/www.helpinghome.com.co\/es\/#website"},"datePublished":"2019-12-19T21:26:20+00:00","dateModified":"2022-03-17T18:02:54+00:00","breadcrumb":{"@id":"https:\/\/www.helpinghome.com.co\/es\/dream-home\/#breadcrumb"},"inLanguage":"es","potentialAction":[{"@type":"ReadAction","target":["https:\/\/www.helpinghome.com.co\/es\/dream-home\/"]}]},{"@type":"BreadcrumbList","@id":"https:\/\/www.helpinghome.com.co\/es\/dream-home\/#breadcrumb","itemListElement":[{"@type":"ListItem","position":1,"name":"Portada","item":"https:\/\/www.helpinghome.com.co\/es\/"},{"@type":"ListItem","position":2,"name":"DREAM HOME"}]}]}},"_links":{"self":[{"href":"https:\/\/www.helpinghome.com.co\/es\/wp-json\/wp\/v2\/pages\/1536"}],"collection":[{"href":"https:\/\/www.helpinghome.com.co\/es\/wp-json\/wp\/v2\/pages"}],"about":[{"href":"https:\/\/www.helpinghome.com.co\/es\/wp-json\/wp\/v2\/types\/page"}],"author":[{"embeddable":true,"href":"https:\/\/www.helpinghome.com.co\/es\/wp-json\/wp\/v2\/users\/1"}],"replies":[{"embeddable":true,"href":"https:\/\/www.helpinghome.com.co\/es\/wp-json\/wp\/v2\/comments?post=1536"}],"version-history":[{"count":7,"href":"https:\/\/www.helpinghome.com.co\/es\/wp-json\/wp\/v2\/pages\/1536\/revisions"}],"predecessor-version":[{"id":2070,"href":"https:\/\/www.helpinghome.com.co\/es\/wp-json\/wp\/v2\/pages\/1536\/revisions\/2070"}],"wp:attachment":[{"href":"https:\/\/www.helpinghome.com.co\/es\/wp-json\/wp\/v2\/media?parent=1536"}],"curies":[{"name":"wp","href":"https:\/\/api.w.org\/{rel}","templated":true}]}}