{"id":1483,"date":"2019-12-11T16:59:23","date_gmt":"2019-12-11T21:59:23","guid":{"rendered":"https:\/\/www.helpinghome.com.co\/es\/?page_id=1483"},"modified":"2019-12-12T15:06:10","modified_gmt":"2019-12-12T20:06:10","slug":"contratos","status":"publish","type":"page","link":"https:\/\/www.helpinghome.com.co\/es\/contratos\/","title":{"rendered":"Help!ng Home te libera de&#8230;"},"content":{"rendered":"<div class=\"fusion-fullwidth fullwidth-box nonhundred-percent-fullwidth non-hundred-percent-height-scrolling\"  style='background-color: rgba(255,255,255,0);background-position: center center;background-repeat: no-repeat;padding-top:0px;padding-right:0px;padding-bottom:0px;padding-left:0px;'><div class=\"fusion-builder-row fusion-row \"><div  class=\"fusion-layout-column fusion_builder_column fusion_builder_column_1_1  fusion-one-full fusion-column-first fusion-column-last 1_1\"  style='margin-top:0px;margin-bottom:20px;'>\n\t\t\t\t\t<div class=\"fusion-column-wrapper\" style=\"padding: 0px 0px 0px 0px;background-position:left top;background-repeat:no-repeat;-webkit-background-size:cover;-moz-background-size:cover;-o-background-size:cover;background-size:cover;\"  data-bg-url=\"\">\n\t\t\t\t\t\t<div class=\"fusion-content-boxes content-boxes columns row fusion-columns-3 fusion-columns-total-3 fusion-content-boxes-1 content-boxes-icon-with-title content-left\" data-animationOffset=\"100%\" style=\"margin-top:15px;margin-bottom:15px;\"><style type=\"text\/css\" scoped=\"scoped\">.fusion-content-boxes-1 .heading .content-box-heading {color:#03a9f4;}\n\t\t\t\t\t.fusion-content-boxes-1 .fusion-content-box-hover .link-area-link-icon-hover .heading .content-box-heading,\n\t\t\t\t\t.fusion-content-boxes-1 .fusion-content-box-hover .link-area-link-icon-hover .heading .heading-link .content-box-heading,\n\t\t\t\t\t.fusion-content-boxes-1 .fusion-content-box-hover .link-area-box-hover .heading .content-box-heading,\n\t\t\t\t\t.fusion-content-boxes-1 .fusion-content-box-hover .link-area-box-hover .heading .heading-link .content-box-heading,\n\t\t\t\t\t.fusion-content-boxes-1 .fusion-content-box-hover .link-area-link-icon-hover.link-area-box .fusion-read-more,\n\t\t\t\t\t.fusion-content-boxes-1 .fusion-content-box-hover .link-area-link-icon-hover.link-area-box .fusion-read-more::after,\n\t\t\t\t\t.fusion-content-boxes-1 .fusion-content-box-hover .link-area-link-icon-hover.link-area-box .fusion-read-more::before,\n\t\t\t\t\t.fusion-content-boxes-1 .fusion-content-box-hover .fusion-read-more:hover:after,\n\t\t\t\t\t.fusion-content-boxes-1 .fusion-content-box-hover .fusion-read-more:hover:before,\n\t\t\t\t\t.fusion-content-boxes-1 .fusion-content-box-hover .fusion-read-more:hover,\n\t\t\t\t\t.fusion-content-boxes-1 .fusion-content-box-hover .link-area-box-hover.link-area-box .fusion-read-more,\n\t\t\t\t\t.fusion-content-boxes-1 .fusion-content-box-hover .link-area-box-hover.link-area-box .fusion-read-more::after,\n\t\t\t\t\t.fusion-content-boxes-1 .fusion-content-box-hover .link-area-box-hover.link-area-box .fusion-read-more::before,\n\t\t\t\t\t.fusion-content-boxes-1 .fusion-content-box-hover .link-area-link-icon-hover .icon .circle-no,\n\t\t\t\t\t.fusion-content-boxes-1 .heading .heading-link:hover .content-box-heading {\n\t\t\t\t\t\tcolor: #00b5e6;\n\t\t\t\t\t}\n\t\t\t\t\t.fusion-content-boxes-1 .fusion-content-box-hover .link-area-box-hover .icon .circle-no {\n\t\t\t\t\t\tcolor: #00b5e6 !important;\n\t\t\t\t\t}.fusion-content-boxes-1 .fusion-content-box-hover .link-area-box.link-area-box-hover .fusion-content-box-button {background: #00b5e6;color: #ffffff;}.fusion-content-boxes-1 .fusion-content-box-hover .link-area-box.link-area-box-hover .fusion-content-box-button .fusion-button-text {color: #ffffff;}\n\t\t\t\t\t.fusion-content-boxes-1 .fusion-content-box-hover .link-area-link-icon-hover .heading .icon > span {\n\t\t\t\t\t\tbackground-color: transparent !important;\n\t\t\t\t\t}\n\t\t\t\t\t.fusion-content-boxes-1 .fusion-content-box-hover .link-area-box-hover .heading .icon > span {\n\t\t\t\t\t\tborder-color: #00b5e6 !important;\n\t\t\t\t\t}<\/style><div class=\"fusion-column content-box-column content-box-column content-box-column-1 col-lg-4 col-md-4 col-sm-4 fusion-content-box-hover  content-box-column-first-in-row\"><div class=\"col content-wrapper-background link-area-link-icon icon-hover-animation-slide\" style=\"background-color:#051643;\" data-animationOffset=\"100%\"><div class=\"heading icon-left\"><h2 class=\"content-box-heading\" style=\"font-size:28px;line-height:33px;\">Costos Ocultos<\/h2><\/div><div class=\"fusion-clearfix\"><\/div><div class=\"content-container\" style=\"color:#03a9f4;\">\n<p><span style=\"color: #ffffff;\">Nuestra tarifa de lunes a s\u00e1bado no var\u00eda, incluye todos los impuestos de ley y no est\u00e1s atado a cl\u00e1usulas de permanencia, sanciones, ni a un n\u00famero m\u00ednimo de servicios solicitados, no tendr\u00e1s sorpresas en tu factura.<\/span><\/p>\n<\/div><\/div><\/div><div class=\"fusion-column content-box-column content-box-column content-box-column-2 col-lg-4 col-md-4 col-sm-4 fusion-content-box-hover \"><div class=\"col content-wrapper-background link-area-link-icon icon-hover-animation-slide\" style=\"background-color:#051643;\" data-animationOffset=\"100%\"><div class=\"heading icon-left\"><h2 class=\"content-box-heading\" style=\"font-size:28px;line-height:33px;\">Personal De Limpieza Ineficiente<\/h2><\/div><div class=\"fusion-clearfix\"><\/div><div class=\"content-container\" style=\"color:#03a9f4;\">\n<p><span style=\"color: #ffffff;\">Cumplirte es lo m\u00e1s importante para nosotros, quien no ha sufrido con trabajadores del servicio dom\u00e9stico incumplidos que luego de comprometerse contigo no llegan a prestar el servicio y si lo prestan no lo hacen como t\u00fa lo esperas, \u00a1olv\u00eddate de eso!. Nuestras Hom!es reciben una capacitaci\u00f3n que las califica para prestar un servicio de aseo profesional con altos est\u00e1ndares de calidad.<\/span><\/p>\n<\/div><\/div><\/div><div class=\"fusion-column content-box-column content-box-column content-box-column-3 col-lg-4 col-md-4 col-sm-4 fusion-content-box-hover  content-box-column-last\"><div class=\"col content-wrapper-background link-area-link-icon icon-hover-animation-slide\" style=\"background-color:#051643;\" data-animationOffset=\"100%\"><div class=\"heading icon-left\"><h2 class=\"content-box-heading\" style=\"font-size:28px;line-height:33px;\">Personal Poco Confiable<\/h2><\/div><div class=\"fusion-clearfix\"><\/div><div class=\"content-container\" style=\"color:#03a9f4;\">\n<p><span style=\"color: #ffffff;\">Todas las Hom!es son profesionales graduadas en nuestra academia de limpieza, cuentan con\u00a0 experiencia, carisma,\u00a0 y han pasado un estricto proceso de selecci\u00f3n que garantiza que tu hogar va a estar bien limpiecito y seguro.<\/span><\/p>\n<\/div><\/div><\/div><style type=\"text\/css\" scoped=\"scoped\">\n\t\t\t\t\t\t.fusion-content-boxes-1 .fusion-content-box-hover .heading-link:hover .icon i.circle-yes,\n\t\t\t\t\t\t.fusion-content-boxes-1 .fusion-content-box-hover .link-area-box:hover .heading-link .icon i.circle-yes,\n\t\t\t\t\t\t.fusion-content-boxes-1 .fusion-content-box-hover .link-area-link-icon-hover .heading .icon i.circle-yes,\n\t\t\t\t\t\t.fusion-content-boxes-1 .fusion-content-box-hover .link-area-box-hover .heading .icon i.circle-yes {\n\t\t\t\t\t\t\tbackground-color: transparent !important;\n\t\t\t\t\t\t\tborder-color: #00b5e6 !important;\n\t\t\t\t\t\t}<\/style><div class=\"fusion-clearfix\"><\/div><\/div><div class=\"fusion-content-boxes content-boxes columns row fusion-columns-1 fusion-columns-total-1 fusion-content-boxes-2 content-boxes-icon-with-title content-left\" data-animationOffset=\"100%\" style=\"margin-top:15px;margin-bottom:15px;\"><style type=\"text\/css\" scoped=\"scoped\">.fusion-content-boxes-2 .heading .content-box-heading {color:#03a9f4;}\n\t\t\t\t\t.fusion-content-boxes-2 .fusion-content-box-hover .link-area-link-icon-hover .heading .content-box-heading,\n\t\t\t\t\t.fusion-content-boxes-2 .fusion-content-box-hover .link-area-link-icon-hover .heading .heading-link .content-box-heading,\n\t\t\t\t\t.fusion-content-boxes-2 .fusion-content-box-hover .link-area-box-hover .heading .content-box-heading,\n\t\t\t\t\t.fusion-content-boxes-2 .fusion-content-box-hover .link-area-box-hover .heading .heading-link .content-box-heading,\n\t\t\t\t\t.fusion-content-boxes-2 .fusion-content-box-hover .link-area-link-icon-hover.link-area-box .fusion-read-more,\n\t\t\t\t\t.fusion-content-boxes-2 .fusion-content-box-hover .link-area-link-icon-hover.link-area-box .fusion-read-more::after,\n\t\t\t\t\t.fusion-content-boxes-2 .fusion-content-box-hover .link-area-link-icon-hover.link-area-box .fusion-read-more::before,\n\t\t\t\t\t.fusion-content-boxes-2 .fusion-content-box-hover .fusion-read-more:hover:after,\n\t\t\t\t\t.fusion-content-boxes-2 .fusion-content-box-hover .fusion-read-more:hover:before,\n\t\t\t\t\t.fusion-content-boxes-2 .fusion-content-box-hover .fusion-read-more:hover,\n\t\t\t\t\t.fusion-content-boxes-2 .fusion-content-box-hover .link-area-box-hover.link-area-box .fusion-read-more,\n\t\t\t\t\t.fusion-content-boxes-2 .fusion-content-box-hover .link-area-box-hover.link-area-box .fusion-read-more::after,\n\t\t\t\t\t.fusion-content-boxes-2 .fusion-content-box-hover .link-area-box-hover.link-area-box .fusion-read-more::before,\n\t\t\t\t\t.fusion-content-boxes-2 .fusion-content-box-hover .link-area-link-icon-hover .icon .circle-no,\n\t\t\t\t\t.fusion-content-boxes-2 .heading .heading-link:hover .content-box-heading {\n\t\t\t\t\t\tcolor: #00b5e6;\n\t\t\t\t\t}\n\t\t\t\t\t.fusion-content-boxes-2 .fusion-content-box-hover .link-area-box-hover .icon .circle-no {\n\t\t\t\t\t\tcolor: #00b5e6 !important;\n\t\t\t\t\t}.fusion-content-boxes-2 .fusion-content-box-hover .link-area-box.link-area-box-hover .fusion-content-box-button {background: #00b5e6;color: #ffffff;}.fusion-content-boxes-2 .fusion-content-box-hover .link-area-box.link-area-box-hover .fusion-content-box-button .fusion-button-text {color: #ffffff;}\n\t\t\t\t\t.fusion-content-boxes-2 .fusion-content-box-hover .link-area-link-icon-hover .heading .icon > span {\n\t\t\t\t\t\tbackground-color: transparent !important;\n\t\t\t\t\t}\n\t\t\t\t\t.fusion-content-boxes-2 .fusion-content-box-hover .link-area-box-hover .heading .icon > span {\n\t\t\t\t\t\tborder-color: #00b5e6 !important;\n\t\t\t\t\t}<\/style><div class=\"fusion-column content-box-column content-box-column content-box-column-1 col-lg-12 col-md-12 col-sm-12 fusion-content-box-hover  content-box-column-last\"><div class=\"col content-wrapper-background link-area-link-icon icon-hover-animation-slide\" style=\"background-color:#051643;\" data-animationOffset=\"100%\"><div class=\"heading icon-left\"><h2 class=\"content-box-heading\" style=\"font-size:28px;line-height:33px;\">Contratos y Demandas Laborales<\/h2><\/div><div class=\"fusion-clearfix\"><\/div><div class=\"content-container\" style=\"color:#5d5f64;\">\n<p><span style=\"color: #ffffff;\">Seg\u00fan la legislaci\u00f3n\u2026<\/span><\/p>\n<p><span style=\"color: #ffffff;\">Toda relaci\u00f3n laboral con trabajador(a) de servicio dom\u00e9stico, independiente de su modalidad y frecuencia de uso, genera un contrato laboral y por consiguiente da al trabajador los siguientes derechos:<\/span><\/p>\n<ul>\n<li><span style=\"color: #ffffff;\">Prima de servicios (Ley 1788 de 2016 y Sentencia C-871\/2014).<\/span><\/li>\n<li><span style=\"color: #ffffff;\">A\ufb01liaci\u00f3n al sistema integral de seguridad social.<\/span><\/li>\n<li><span style=\"color: #ffffff;\">Prestaciones sociales: cesant\u00edas, intereses de cesant\u00edas, vacaciones, calzado, vestido de labor y auxilio de transporte.<\/span><\/li>\n<li><span style=\"color: #ffffff;\">Una remuneraci\u00f3n no menor al Salario M\u00ednimo Legal Vigente. Liquidaci\u00f3n de recargos por trabajo extra o suplementario en caso de presentarse.<\/span><\/li>\n<li><span style=\"color: #ffffff;\">Jornada de trabajo no superior a 8 horas, si es un\/a trabajador\/a interno\/a esta no superar\u00e1 las 10 horas.<\/span><\/li>\n<\/ul>\n<p><span style=\"color: #ffffff;\">EL incumplimiento de cualquiera de estos derechos es suficiente para verse inmerso en tortuosos procesos legales y costosas demandas que ponen en riesgo tu reputaci\u00f3n y patrimonio.<\/span><\/p>\n<h2 style=\"text-align: center;\" data-fontsize=\"28\" data-lineheight=\"36\"><span style=\"color: #00ccff;\">REL\u00c1JATE NOSOTROS NOS ENCARGAMOS!!!<\/span><\/h2>\n<\/div><\/div><\/div><style type=\"text\/css\" scoped=\"scoped\">\n\t\t\t\t\t\t.fusion-content-boxes-2 .fusion-content-box-hover .heading-link:hover .icon i.circle-yes,\n\t\t\t\t\t\t.fusion-content-boxes-2 .fusion-content-box-hover .link-area-box:hover .heading-link .icon i.circle-yes,\n\t\t\t\t\t\t.fusion-content-boxes-2 .fusion-content-box-hover .link-area-link-icon-hover .heading .icon i.circle-yes,\n\t\t\t\t\t\t.fusion-content-boxes-2 .fusion-content-box-hover .link-area-box-hover .heading .icon i.circle-yes {\n\t\t\t\t\t\t\tbackground-color: transparent !important;\n\t\t\t\t\t\t\tborder-color: #00b5e6 !important;\n\t\t\t\t\t\t}<\/style><div class=\"fusion-clearfix\"><\/div><\/div><div class=\"fusion-clearfix\"><\/div>\n\n\t\t\t\t\t<\/div>\n\t\t\t\t<\/div><\/div><\/div>\n","protected":false},"excerpt":{"rendered":"","protected":false},"author":1,"featured_media":0,"parent":0,"menu_order":0,"comment_status":"closed","ping_status":"closed","template":"100-width.php","meta":[],"yoast_head":"<!-- This site is optimized with the Yoast SEO plugin v18.3 - https:\/\/yoast.com\/wordpress\/plugins\/seo\/ -->\n<title>Help!ng Home te libera de... - HelpingHome<\/title>\n<meta name=\"robots\" content=\"index, follow, max-snippet:-1, max-image-preview:large, max-video-preview:-1\" \/>\n<link rel=\"canonical\" href=\"https:\/\/www.helpinghome.com.co\/es\/contratos\/\" \/>\n<meta property=\"og:locale\" content=\"es_ES\" \/>\n<meta property=\"og:type\" content=\"article\" \/>\n<meta property=\"og:title\" content=\"Help!ng Home te libera de... - HelpingHome\" \/>\n<meta property=\"og:url\" content=\"https:\/\/www.helpinghome.com.co\/es\/contratos\/\" \/>\n<meta property=\"og:site_name\" content=\"HelpingHome\" \/>\n<meta property=\"article:modified_time\" content=\"2019-12-12T20:06:10+00:00\" \/>\n<meta name=\"twitter:card\" content=\"summary_large_image\" \/>\n<meta name=\"twitter:label1\" content=\"Tiempo de lectura\" \/>\n\t<meta name=\"twitter:data1\" content=\"4 minutos\" \/>\n<script type=\"application\/ld+json\" class=\"yoast-schema-graph\">{\"@context\":\"https:\/\/schema.org\",\"@graph\":[{\"@type\":\"WebSite\",\"@id\":\"https:\/\/www.helpinghome.com.co\/es\/#website\",\"url\":\"https:\/\/www.helpinghome.com.co\/es\/\",\"name\":\"HelpingHome\",\"description\":\"HelpingHome\",\"potentialAction\":[{\"@type\":\"SearchAction\",\"target\":{\"@type\":\"EntryPoint\",\"urlTemplate\":\"https:\/\/www.helpinghome.com.co\/es\/?s={search_term_string}\"},\"query-input\":\"required name=search_term_string\"}],\"inLanguage\":\"es\"},{\"@type\":\"WebPage\",\"@id\":\"https:\/\/www.helpinghome.com.co\/es\/contratos\/#webpage\",\"url\":\"https:\/\/www.helpinghome.com.co\/es\/contratos\/\",\"name\":\"Help!ng Home te libera de... - HelpingHome\",\"isPartOf\":{\"@id\":\"https:\/\/www.helpinghome.com.co\/es\/#website\"},\"datePublished\":\"2019-12-11T21:59:23+00:00\",\"dateModified\":\"2019-12-12T20:06:10+00:00\",\"breadcrumb\":{\"@id\":\"https:\/\/www.helpinghome.com.co\/es\/contratos\/#breadcrumb\"},\"inLanguage\":\"es\",\"potentialAction\":[{\"@type\":\"ReadAction\",\"target\":[\"https:\/\/www.helpinghome.com.co\/es\/contratos\/\"]}]},{\"@type\":\"BreadcrumbList\",\"@id\":\"https:\/\/www.helpinghome.com.co\/es\/contratos\/#breadcrumb\",\"itemListElement\":[{\"@type\":\"ListItem\",\"position\":1,\"name\":\"Portada\",\"item\":\"https:\/\/www.helpinghome.com.co\/es\/\"},{\"@type\":\"ListItem\",\"position\":2,\"name\":\"Help!ng Home te libera de&#8230;\"}]}]}<\/script>\n<!-- \/ Yoast SEO plugin. -->","yoast_head_json":{"title":"Help!ng Home te libera de... - HelpingHome","robots":{"index":"index","follow":"follow","max-snippet":"max-snippet:-1","max-image-preview":"max-image-preview:large","max-video-preview":"max-video-preview:-1"},"canonical":"https:\/\/www.helpinghome.com.co\/es\/contratos\/","og_locale":"es_ES","og_type":"article","og_title":"Help!ng Home te libera de... - HelpingHome","og_url":"https:\/\/www.helpinghome.com.co\/es\/contratos\/","og_site_name":"HelpingHome","article_modified_time":"2019-12-12T20:06:10+00:00","twitter_card":"summary_large_image","twitter_misc":{"Tiempo de lectura":"4 minutos"},"schema":{"@context":"https:\/\/schema.org","@graph":[{"@type":"WebSite","@id":"https:\/\/www.helpinghome.com.co\/es\/#website","url":"https:\/\/www.helpinghome.com.co\/es\/","name":"HelpingHome","description":"HelpingHome","potentialAction":[{"@type":"SearchAction","target":{"@type":"EntryPoint","urlTemplate":"https:\/\/www.helpinghome.com.co\/es\/?s={search_term_string}"},"query-input":"required name=search_term_string"}],"inLanguage":"es"},{"@type":"WebPage","@id":"https:\/\/www.helpinghome.com.co\/es\/contratos\/#webpage","url":"https:\/\/www.helpinghome.com.co\/es\/contratos\/","name":"Help!ng Home te libera de... - HelpingHome","isPartOf":{"@id":"https:\/\/www.helpinghome.com.co\/es\/#website"},"datePublished":"2019-12-11T21:59:23+00:00","dateModified":"2019-12-12T20:06:10+00:00","breadcrumb":{"@id":"https:\/\/www.helpinghome.com.co\/es\/contratos\/#breadcrumb"},"inLanguage":"es","potentialAction":[{"@type":"ReadAction","target":["https:\/\/www.helpinghome.com.co\/es\/contratos\/"]}]},{"@type":"BreadcrumbList","@id":"https:\/\/www.helpinghome.com.co\/es\/contratos\/#breadcrumb","itemListElement":[{"@type":"ListItem","position":1,"name":"Portada","item":"https:\/\/www.helpinghome.com.co\/es\/"},{"@type":"ListItem","position":2,"name":"Help!ng Home te libera de&#8230;"}]}]}},"_links":{"self":[{"href":"https:\/\/www.helpinghome.com.co\/es\/wp-json\/wp\/v2\/pages\/1483"}],"collection":[{"href":"https:\/\/www.helpinghome.com.co\/es\/wp-json\/wp\/v2\/pages"}],"about":[{"href":"https:\/\/www.helpinghome.com.co\/es\/wp-json\/wp\/v2\/types\/page"}],"author":[{"embeddable":true,"href":"https:\/\/www.helpinghome.com.co\/es\/wp-json\/wp\/v2\/users\/1"}],"replies":[{"embeddable":true,"href":"https:\/\/www.helpinghome.com.co\/es\/wp-json\/wp\/v2\/comments?post=1483"}],"version-history":[{"count":13,"href":"https:\/\/www.helpinghome.com.co\/es\/wp-json\/wp\/v2\/pages\/1483\/revisions"}],"predecessor-version":[{"id":1510,"href":"https:\/\/www.helpinghome.com.co\/es\/wp-json\/wp\/v2\/pages\/1483\/revisions\/1510"}],"wp:attachment":[{"href":"https:\/\/www.helpinghome.com.co\/es\/wp-json\/wp\/v2\/media?parent=1483"}],"curies":[{"name":"wp","href":"https:\/\/api.w.org\/{rel}","templated":true}]}}