{"id":1317,"date":"2019-06-05T18:25:59","date_gmt":"2019-06-05T23:25:59","guid":{"rendered":"https:\/\/www.helpinghome.com.co\/es\/?page_id=1317"},"modified":"2019-06-05T19:16:18","modified_gmt":"2019-06-06T00:16:18","slug":"alquiler-de-vehiculos-con-conductor","status":"publish","type":"page","link":"https:\/\/www.helpinghome.com.co\/es\/alquiler-de-vehiculos-con-conductor\/","title":{"rendered":"alquiler de vehiculos con conductor"},"content":{"rendered":"<div class=\"fusion-fullwidth fullwidth-box nonhundred-percent-fullwidth non-hundred-percent-height-scrolling\"  style='background-color: rgba(255,255,255,0);background-position: center center;background-repeat: no-repeat;padding-top:0px;padding-right:0px;padding-bottom:0px;padding-left:0px;'><div class=\"fusion-builder-row fusion-row \"><div  class=\"fusion-layout-column fusion_builder_column fusion_builder_column_1_2  fusion-one-half fusion-column-first 1_2\"  style='margin-top:0px;margin-bottom:20px;width:50%;width:calc(50% - ( ( 4% ) * 0.5 ) );margin-right: 4%;'>\n\t\t\t\t\t<div class=\"fusion-column-wrapper\" style=\"padding: 0px 0px 0px 0px;background-position:left top;background-repeat:no-repeat;-webkit-background-size:cover;-moz-background-size:cover;-o-background-size:cover;background-size:cover;\"  data-bg-url=\"\">\n\t\t\t\t\t\t<ul class=\"fusion-checklist fusion-checklist-1\" style=\"font-size:18px;line-height:30.6px;\"><li class=\"fusion-li-item\"><span style=\"background-color:#00b5e6;font-size:15.84px;height:30.6px;width:30.6px;margin-right:12.6px;\" class=\"icon-wrapper circle-yes\"><i class=\"fusion-li-icon  fa fa-check\" style=\"color:#ffffff;\"><\/i><\/span><div class=\"fusion-li-item-content\" style=\"margin-left:43.2px;\">\n<h1 class=\"title-heading-left\" data-fontsize=\"27\" data-lineheight=\"32\">Traslados Colectivos<\/h1>\n<p>Este tipo de servicios es m\u00e1s econ\u00f3mico para usuarios individuales ya que comparte el veh\u00edculo con otros usuarios.<br \/>\nLos horarios y rutas est\u00e1n prefijados.<br \/>\nEl servicios se realiza en veh\u00edculos tipo Van desde 3 y hasta 12 pasajeros.<br \/>\nConecta a sus afiliados con las principales IPSs y prestadores de servicios de salud (a nivel nacional)<\/p>\n<\/div><\/li><\/ul><div class=\"fusion-clearfix\"><\/div>\n\n\t\t\t\t\t<\/div>\n\t\t\t\t<\/div><div  class=\"fusion-layout-column fusion_builder_column fusion_builder_column_1_2  fusion-one-half fusion-column-last 1_2\"  style='margin-top:0px;margin-bottom:20px;width:50%;width:calc(50% - ( ( 4% ) * 0.5 ) );'>\n\t\t\t\t\t<div class=\"fusion-column-wrapper\" style=\"padding: 0px 0px 0px 0px;background-position:left top;background-repeat:no-repeat;-webkit-background-size:cover;-moz-background-size:cover;-o-background-size:cover;background-size:cover;\"  data-bg-url=\"\">\n\t\t\t\t\t\t<ul class=\"fusion-checklist fusion-checklist-2\" style=\"font-size:18px;line-height:30.6px;\"><li class=\"fusion-li-item\"><span style=\"background-color:#00b5e6;font-size:15.84px;height:30.6px;width:30.6px;margin-right:12.6px;\" class=\"icon-wrapper circle-yes\"><i class=\"fusion-li-icon  fa fa-check\" style=\"color:#ffffff;\"><\/i><\/span><div class=\"fusion-li-item-content\" style=\"margin-left:43.2px;\">\n<h1 class=\"title-heading-left\" data-fontsize=\"48\" data-lineheight=\"53\">Traslados Ejecutivos<\/h1>\n<p>Como indica su nombre, en un servicio privado en el que no se comparte el veh\u00edculo con otros usuarios que no pertenezcan al grupo familiar o acompa\u00f1ante del cliente usuario.<br \/>\nEl horario de recogida se ajusta a las necesidades del usuario.<br \/>\nConecta con todos los destinos m\u00e9dicos y asistenciales del pa\u00eds.<\/p>\n<\/div><\/li><\/ul><div class=\"fusion-clearfix\"><\/div>\n\n\t\t\t\t\t<\/div>\n\t\t\t\t<\/div><\/div><\/div>\n","protected":false},"excerpt":{"rendered":"","protected":false},"author":1,"featured_media":0,"parent":0,"menu_order":0,"comment_status":"closed","ping_status":"closed","template":"","meta":[],"yoast_head":"<!-- This site is optimized with the Yoast SEO plugin v18.3 - https:\/\/yoast.com\/wordpress\/plugins\/seo\/ -->\n<title>alquiler de vehiculos con conductor - HelpingHome<\/title>\n<meta name=\"robots\" content=\"index, follow, max-snippet:-1, max-image-preview:large, max-video-preview:-1\" \/>\n<link rel=\"canonical\" href=\"https:\/\/www.helpinghome.com.co\/es\/alquiler-de-vehiculos-con-conductor\/\" \/>\n<meta property=\"og:locale\" content=\"es_ES\" \/>\n<meta property=\"og:type\" content=\"article\" \/>\n<meta property=\"og:title\" content=\"alquiler de vehiculos con conductor - HelpingHome\" \/>\n<meta property=\"og:url\" content=\"https:\/\/www.helpinghome.com.co\/es\/alquiler-de-vehiculos-con-conductor\/\" \/>\n<meta property=\"og:site_name\" content=\"HelpingHome\" \/>\n<meta property=\"article:modified_time\" content=\"2019-06-06T00:16:18+00:00\" \/>\n<meta name=\"twitter:card\" content=\"summary_large_image\" \/>\n<meta name=\"twitter:label1\" content=\"Tiempo de lectura\" \/>\n\t<meta name=\"twitter:data1\" content=\"2 minutos\" \/>\n<script type=\"application\/ld+json\" class=\"yoast-schema-graph\">{\"@context\":\"https:\/\/schema.org\",\"@graph\":[{\"@type\":\"WebSite\",\"@id\":\"https:\/\/www.helpinghome.com.co\/es\/#website\",\"url\":\"https:\/\/www.helpinghome.com.co\/es\/\",\"name\":\"HelpingHome\",\"description\":\"HelpingHome\",\"potentialAction\":[{\"@type\":\"SearchAction\",\"target\":{\"@type\":\"EntryPoint\",\"urlTemplate\":\"https:\/\/www.helpinghome.com.co\/es\/?s={search_term_string}\"},\"query-input\":\"required name=search_term_string\"}],\"inLanguage\":\"es\"},{\"@type\":\"WebPage\",\"@id\":\"https:\/\/www.helpinghome.com.co\/es\/alquiler-de-vehiculos-con-conductor\/#webpage\",\"url\":\"https:\/\/www.helpinghome.com.co\/es\/alquiler-de-vehiculos-con-conductor\/\",\"name\":\"alquiler de vehiculos con conductor - HelpingHome\",\"isPartOf\":{\"@id\":\"https:\/\/www.helpinghome.com.co\/es\/#website\"},\"datePublished\":\"2019-06-05T23:25:59+00:00\",\"dateModified\":\"2019-06-06T00:16:18+00:00\",\"breadcrumb\":{\"@id\":\"https:\/\/www.helpinghome.com.co\/es\/alquiler-de-vehiculos-con-conductor\/#breadcrumb\"},\"inLanguage\":\"es\",\"potentialAction\":[{\"@type\":\"ReadAction\",\"target\":[\"https:\/\/www.helpinghome.com.co\/es\/alquiler-de-vehiculos-con-conductor\/\"]}]},{\"@type\":\"BreadcrumbList\",\"@id\":\"https:\/\/www.helpinghome.com.co\/es\/alquiler-de-vehiculos-con-conductor\/#breadcrumb\",\"itemListElement\":[{\"@type\":\"ListItem\",\"position\":1,\"name\":\"Portada\",\"item\":\"https:\/\/www.helpinghome.com.co\/es\/\"},{\"@type\":\"ListItem\",\"position\":2,\"name\":\"alquiler de vehiculos con conductor\"}]}]}<\/script>\n<!-- \/ Yoast SEO plugin. -->","yoast_head_json":{"title":"alquiler de vehiculos con conductor - HelpingHome","robots":{"index":"index","follow":"follow","max-snippet":"max-snippet:-1","max-image-preview":"max-image-preview:large","max-video-preview":"max-video-preview:-1"},"canonical":"https:\/\/www.helpinghome.com.co\/es\/alquiler-de-vehiculos-con-conductor\/","og_locale":"es_ES","og_type":"article","og_title":"alquiler de vehiculos con conductor - HelpingHome","og_url":"https:\/\/www.helpinghome.com.co\/es\/alquiler-de-vehiculos-con-conductor\/","og_site_name":"HelpingHome","article_modified_time":"2019-06-06T00:16:18+00:00","twitter_card":"summary_large_image","twitter_misc":{"Tiempo de lectura":"2 minutos"},"schema":{"@context":"https:\/\/schema.org","@graph":[{"@type":"WebSite","@id":"https:\/\/www.helpinghome.com.co\/es\/#website","url":"https:\/\/www.helpinghome.com.co\/es\/","name":"HelpingHome","description":"HelpingHome","potentialAction":[{"@type":"SearchAction","target":{"@type":"EntryPoint","urlTemplate":"https:\/\/www.helpinghome.com.co\/es\/?s={search_term_string}"},"query-input":"required name=search_term_string"}],"inLanguage":"es"},{"@type":"WebPage","@id":"https:\/\/www.helpinghome.com.co\/es\/alquiler-de-vehiculos-con-conductor\/#webpage","url":"https:\/\/www.helpinghome.com.co\/es\/alquiler-de-vehiculos-con-conductor\/","name":"alquiler de vehiculos con conductor - HelpingHome","isPartOf":{"@id":"https:\/\/www.helpinghome.com.co\/es\/#website"},"datePublished":"2019-06-05T23:25:59+00:00","dateModified":"2019-06-06T00:16:18+00:00","breadcrumb":{"@id":"https:\/\/www.helpinghome.com.co\/es\/alquiler-de-vehiculos-con-conductor\/#breadcrumb"},"inLanguage":"es","potentialAction":[{"@type":"ReadAction","target":["https:\/\/www.helpinghome.com.co\/es\/alquiler-de-vehiculos-con-conductor\/"]}]},{"@type":"BreadcrumbList","@id":"https:\/\/www.helpinghome.com.co\/es\/alquiler-de-vehiculos-con-conductor\/#breadcrumb","itemListElement":[{"@type":"ListItem","position":1,"name":"Portada","item":"https:\/\/www.helpinghome.com.co\/es\/"},{"@type":"ListItem","position":2,"name":"alquiler de vehiculos con conductor"}]}]}},"_links":{"self":[{"href":"https:\/\/www.helpinghome.com.co\/es\/wp-json\/wp\/v2\/pages\/1317"}],"collection":[{"href":"https:\/\/www.helpinghome.com.co\/es\/wp-json\/wp\/v2\/pages"}],"about":[{"href":"https:\/\/www.helpinghome.com.co\/es\/wp-json\/wp\/v2\/types\/page"}],"author":[{"embeddable":true,"href":"https:\/\/www.helpinghome.com.co\/es\/wp-json\/wp\/v2\/users\/1"}],"replies":[{"embeddable":true,"href":"https:\/\/www.helpinghome.com.co\/es\/wp-json\/wp\/v2\/comments?post=1317"}],"version-history":[{"count":13,"href":"https:\/\/www.helpinghome.com.co\/es\/wp-json\/wp\/v2\/pages\/1317\/revisions"}],"predecessor-version":[{"id":1338,"href":"https:\/\/www.helpinghome.com.co\/es\/wp-json\/wp\/v2\/pages\/1317\/revisions\/1338"}],"wp:attachment":[{"href":"https:\/\/www.helpinghome.com.co\/es\/wp-json\/wp\/v2\/media?parent=1317"}],"curies":[{"name":"wp","href":"https:\/\/api.w.org\/{rel}","templated":true}]}}